{"id":2,"date":"2025-02-20T15:47:48","date_gmt":"2025-02-20T15:47:48","guid":{"rendered":"https:\/\/cape.ftpporto.com\/?page_id=2"},"modified":"2025-04-21T09:57:09","modified_gmt":"2025-04-21T09:57:09","slug":"projeto","status":"publish","type":"page","link":"https:\/\/cape.ftpporto.com\/index.php\/projeto\/","title":{"rendered":"Projeto"},"content":{"rendered":"<div class=\"wpb-content-wrapper\"><div data-vc-full-width=\"true\" data-vc-full-width-init=\"false\" class=\"vc_row wpb_row vc_row-fluid vc_custom_1745229267415 vc_row-o-content-middle vc_row-flex\"><div class=\"wpb_column vc_column_container vc_col-sm-12\"><div class=\"vc_column-inner\"><div class=\"wpb_wrapper\">\n\t<div id=\"imagem-barra\" class=\"wpb_single_image wpb_content_element vc_align_center wpb_content_element\">\n\t\t\n\t\t<figure class=\"wpb_wrapper vc_figure\">\n\t\t\t<div class=\"vc_single_image-wrapper   vc_box_border_grey\"><img loading=\"lazy\" decoding=\"async\" width=\"1438\" height=\"188\" src=\"https:\/\/cape.ftpporto.com\/wp-content\/uploads\/2025\/02\/Barra-Financiamento-1.png\" class=\"vc_single_image-img attachment-full\" alt=\"\" title=\"Barra Financiamento\" srcset=\"https:\/\/cape.ftpporto.com\/wp-content\/uploads\/2025\/02\/Barra-Financiamento-1.png 1438w, https:\/\/cape.ftpporto.com\/wp-content\/uploads\/2025\/02\/Barra-Financiamento-1-300x39.png 300w, https:\/\/cape.ftpporto.com\/wp-content\/uploads\/2025\/02\/Barra-Financiamento-1-1024x134.png 1024w, https:\/\/cape.ftpporto.com\/wp-content\/uploads\/2025\/02\/Barra-Financiamento-1-768x100.png 768w\" sizes=\"auto, (max-width: 1438px) 100vw, 1438px\" \/><\/div>\n\t\t<\/figure>\n\t<\/div>\n<\/div><\/div><\/div><\/div><div class=\"vc_row-full-width vc_clearfix\"><\/div><div class=\"vc_row wpb_row vc_row-fluid vc_custom_1740129310182 vc_row-o-content-middle vc_row-flex\"><div class=\"wpb_column vc_column_container vc_col-sm-12\"><div class=\"vc_column-inner\"><div class=\"wpb_wrapper\">\n\t<div class=\"wpb_text_column wpb_content_element\" >\n\t\t<div class=\"wpb_wrapper\">\n\t\t\t<p>O setor do com\u00e9rcio a retalho desempenha um papel crucial na economia da Uni\u00e3o Europeia, mas enfrenta desafios significativos nas \u00e1reas de sustentabilidade, digitaliza\u00e7\u00e3o e compet\u00eancias. O projeto CAPE surge como uma iniciativa inovadora para transformar a experi\u00eancia de compra e melhorar o ambiente de trabalho no setor do retalho, atrav\u00e9s da ado\u00e7\u00e3o de tecnologias como Intelig\u00eancia Artificial, Blockchain, Internet das Coisas e Aprendizagem Profunda.<\/p>\n\n\t\t<\/div>\n\t<\/div>\n<\/div><\/div><\/div><\/div><div class=\"vc_row wpb_row vc_row-fluid vc_row-o-content-middle vc_row-flex\"><div class=\"wpb_column vc_column_container vc_col-sm-6\"><div class=\"vc_column-inner\"><div class=\"wpb_wrapper\">\n\t<div  class=\"wpb_single_image wpb_content_element vc_align_center wpb_content_element\">\n\t\t\n\t\t<figure class=\"wpb_wrapper vc_figure\">\n\t\t\t<div class=\"vc_single_image-wrapper   vc_box_border_grey\"><img loading=\"lazy\" decoding=\"async\" width=\"300\" height=\"300\" src=\"https:\/\/cape.ftpporto.com\/wp-content\/uploads\/2025\/02\/3-300x300.png\" class=\"vc_single_image-img attachment-medium\" alt=\"\" title=\"3\" srcset=\"https:\/\/cape.ftpporto.com\/wp-content\/uploads\/2025\/02\/3-300x300.png 300w, https:\/\/cape.ftpporto.com\/wp-content\/uploads\/2025\/02\/3-1019x1024.png 1019w, https:\/\/cape.ftpporto.com\/wp-content\/uploads\/2025\/02\/3-150x150.png 150w, https:\/\/cape.ftpporto.com\/wp-content\/uploads\/2025\/02\/3-2038x2048.png 2038w\" sizes=\"auto, (max-width: 300px) 100vw, 300px\" \/><\/div>\n\t\t<\/figure>\n\t<\/div>\n<\/div><\/div><\/div><div class=\"wpb_column vc_column_container vc_col-sm-6\"><div class=\"vc_column-inner\"><div class=\"wpb_wrapper\">\n\t<div class=\"wpb_text_column wpb_content_element\" >\n\t\t<div class=\"wpb_wrapper\">\n\t\t\t<p style=\"text-align: center;\">Entre os objetivos do projeto destacam-se a cria\u00e7\u00e3o de experi\u00eancias personalizadas, otimiza\u00e7\u00e3o do desempenho de rob\u00f4s e quiosques e o desenvolvimento de solu\u00e7\u00f5es inovadoras para gest\u00e3o de recursos, rastreamento de funcion\u00e1rios e envolvimento do cliente.<\/p>\n\n\t\t<\/div>\n\t<\/div>\n<\/div><\/div><\/div><\/div><div class=\"vc_row wpb_row vc_row-fluid vc_row-o-content-middle vc_row-flex\"><div class=\"wpb_column vc_column_container vc_col-sm-6\"><div class=\"vc_column-inner\"><div class=\"wpb_wrapper\">\n\t<div class=\"wpb_text_column wpb_content_element\" >\n\t\t<div class=\"wpb_wrapper\">\n\t\t\t<p style=\"text-align: center;\">Os cinco casos de uso do CAPE focam-se na melhoria da experi\u00eancia do consumidor, recomenda\u00e7\u00e3o personalizada de produtos, satisfa\u00e7\u00e3o dos funcion\u00e1rios, seguran\u00e7a no fabrico inteligente e otimiza\u00e7\u00e3o das opera\u00e7\u00f5es de loja.<\/p>\n\n\t\t<\/div>\n\t<\/div>\n<\/div><\/div><\/div><div class=\"wpb_column vc_column_container vc_col-sm-6\"><div class=\"vc_column-inner\"><div class=\"wpb_wrapper\">\n\t<div  class=\"wpb_single_image wpb_content_element vc_align_center wpb_content_element\">\n\t\t\n\t\t<figure class=\"wpb_wrapper vc_figure\">\n\t\t\t<div class=\"vc_single_image-wrapper   vc_box_border_grey\"><img loading=\"lazy\" decoding=\"async\" width=\"297\" height=\"300\" src=\"https:\/\/cape.ftpporto.com\/wp-content\/uploads\/2025\/02\/9-297x300.png\" class=\"vc_single_image-img attachment-medium\" alt=\"\" title=\"9\" srcset=\"https:\/\/cape.ftpporto.com\/wp-content\/uploads\/2025\/02\/9-297x300.png 297w, https:\/\/cape.ftpporto.com\/wp-content\/uploads\/2025\/02\/9-1013x1024.png 1013w, https:\/\/cape.ftpporto.com\/wp-content\/uploads\/2025\/02\/9-768x777.png 768w, https:\/\/cape.ftpporto.com\/wp-content\/uploads\/2025\/02\/9-1519x1536.png 1519w, https:\/\/cape.ftpporto.com\/wp-content\/uploads\/2025\/02\/9-2025x2048.png 2025w\" sizes=\"auto, (max-width: 297px) 100vw, 297px\" \/><\/div>\n\t\t<\/figure>\n\t<\/div>\n<\/div><\/div><\/div><\/div>\n<\/div>","protected":false},"excerpt":{"rendered":"O setor do com\u00e9rcio a retalho desempenha um papel crucial na economia da Uni\u00e3o Europeia, mas enfrenta desafios significativos nas \u00e1reas de sustentabilidade, digitaliza\u00e7\u00e3o e compet\u00eancias. O projeto CAPE surge ...","protected":false},"author":1,"featured_media":0,"parent":0,"menu_order":0,"comment_status":"closed","ping_status":"open","template":"","meta":{"footnotes":""},"class_list":["post-2","page","type-page","status-publish","hentry"],"_links":{"self":[{"href":"https:\/\/cape.ftpporto.com\/index.php\/wp-json\/wp\/v2\/pages\/2","targetHints":{"allow":["GET"]}}],"collection":[{"href":"https:\/\/cape.ftpporto.com\/index.php\/wp-json\/wp\/v2\/pages"}],"about":[{"href":"https:\/\/cape.ftpporto.com\/index.php\/wp-json\/wp\/v2\/types\/page"}],"author":[{"embeddable":true,"href":"https:\/\/cape.ftpporto.com\/index.php\/wp-json\/wp\/v2\/users\/1"}],"replies":[{"embeddable":true,"href":"https:\/\/cape.ftpporto.com\/index.php\/wp-json\/wp\/v2\/comments?post=2"}],"version-history":[{"count":7,"href":"https:\/\/cape.ftpporto.com\/index.php\/wp-json\/wp\/v2\/pages\/2\/revisions"}],"predecessor-version":[{"id":121,"href":"https:\/\/cape.ftpporto.com\/index.php\/wp-json\/wp\/v2\/pages\/2\/revisions\/121"}],"wp:attachment":[{"href":"https:\/\/cape.ftpporto.com\/index.php\/wp-json\/wp\/v2\/media?parent=2"}],"curies":[{"name":"wp","href":"https:\/\/api.w.org\/{rel}","templated":true}]}}