{"id":52,"date":"2025-02-21T09:49:53","date_gmt":"2025-02-21T09:49:53","guid":{"rendered":"https:\/\/cape.ftpporto.com\/?page_id=52"},"modified":"2025-04-21T10:01:06","modified_gmt":"2025-04-21T10:01:06","slug":"contato","status":"publish","type":"page","link":"https:\/\/cape.ftpporto.com\/index.php\/contato\/","title":{"rendered":"Contato"},"content":{"rendered":"<div class=\"wpb-content-wrapper\"><div class=\"vc_row wpb_row vc_row-fluid vc_custom_1740129310182 vc_row-o-content-middle vc_row-flex\"><div class=\"wpb_column vc_column_container vc_col-sm-12\"><div class=\"vc_column-inner\"><div class=\"wpb_wrapper\">\n\t<div class=\"wpb_text_column wpb_content_element\" >\n\t\t<div class=\"wpb_wrapper\">\n\t\t\t<div class=\"is-layout-flex wp-container-3 wp-block-columns alignwide are-vertically-aligned-center\">\n<div class=\"is-layout-flow wp-block-column is-vertically-aligned-center\">\n<h5 class=\"has-text-color\" style=\"text-align: center;\">Entre em contacto com a nossa equipa atrav\u00e9s deste acess\u00edvel formul\u00e1rio de contacto.<\/h5>\n<h5 class=\"has-text-color\" style=\"text-align: center;\">Daremos feedback assim que poss\u00edvel!<\/h5>\n<\/div>\n<\/div>\n\n\t\t<\/div>\n\t<\/div>\n<div class=\"wpforms-container wpforms-container-full wpforms-render-modern\" id=\"wpforms-54\"><form id=\"wpforms-form-54\" class=\"wpforms-validate wpforms-form wpforms-ajax-form\" data-formid=\"54\" method=\"post\" enctype=\"multipart\/form-data\" action=\"\/index.php\/wp-json\/wp\/v2\/pages\/52\" data-token=\"3ea81094e6f114058d75b3283575c376\" data-token-time=\"1776597554\"><noscript class=\"wpforms-error-noscript\">Please enable JavaScript in your browser to complete this form.<\/noscript><div class=\"wpforms-hidden\" id=\"wpforms-error-noscript\">Please enable JavaScript in your browser to complete this form.<\/div><div class=\"wpforms-field-container\"><div id=\"wpforms-54-field_1-container\" class=\"wpforms-field wpforms-field-name\" data-field-id=\"1\"><label class=\"wpforms-field-label\" for=\"wpforms-54-field_1\">Nome <span class=\"wpforms-required-label\" aria-hidden=\"true\">*<\/span><\/label><input type=\"text\" id=\"wpforms-54-field_1\" class=\"wpforms-field-large wpforms-field-required\" name=\"wpforms[fields][1]\" aria-errormessage=\"wpforms-54-field_1-error\" required><\/div><div id=\"wpforms-54-field_2-container\" class=\"wpforms-field wpforms-field-email\" data-field-id=\"2\"><label class=\"wpforms-field-label\" for=\"wpforms-54-field_2\">Email <span class=\"wpforms-required-label\" aria-hidden=\"true\">*<\/span><\/label><input type=\"email\" id=\"wpforms-54-field_2\" class=\"wpforms-field-large wpforms-field-required\" name=\"wpforms[fields][2]\" spellcheck=\"false\" aria-errormessage=\"wpforms-54-field_2-error\" required><\/div><div id=\"wpforms-54-field_3-container\" class=\"wpforms-field wpforms-field-textarea\" data-field-id=\"3\"><label class=\"wpforms-field-label\" for=\"wpforms-54-field_3\">Mensagem<\/label><textarea id=\"wpforms-54-field_3\" class=\"wpforms-field-medium\" name=\"wpforms[fields][3]\" aria-errormessage=\"wpforms-54-field_3-error\" ><\/textarea><\/div><\/div><!-- .wpforms-field-container --><div class=\"wpforms-submit-container\" ><input type=\"hidden\" name=\"wpforms[id]\" value=\"54\"><input type=\"hidden\" name=\"page_title\" value=\"\"><input type=\"hidden\" name=\"page_url\" value=\"https:\/\/cape.ftpporto.com\/index.php\/wp-json\/wp\/v2\/pages\/52\"><button type=\"submit\" name=\"wpforms[submit]\" id=\"wpforms-submit-54\" class=\"wpforms-submit\" data-alt-text=\"Sending...\" data-submit-text=\"Enviar\" aria-live=\"assertive\" value=\"wpforms-submit\">Enviar<\/button><img loading=\"lazy\" decoding=\"async\" src=\"https:\/\/cape.ftpporto.com\/wp-content\/plugins\/wpforms-lite\/assets\/images\/submit-spin.svg\" class=\"wpforms-submit-spinner\" style=\"display: none;\" width=\"26\" height=\"26\" alt=\"Loading\"><\/div><\/form><\/div>  <!-- .wpforms-container --><\/div><\/div><\/div><\/div><div class=\"vc_row wpb_row vc_row-fluid\"><div class=\"wpb_column vc_column_container vc_col-sm-12\"><div class=\"vc_column-inner\"><div class=\"wpb_wrapper\">\n\t<div id=\"imagem-barra\" class=\"wpb_single_image wpb_content_element vc_align_center wpb_content_element\">\n\t\t\n\t\t<figure class=\"wpb_wrapper vc_figure\">\n\t\t\t<div class=\"vc_single_image-wrapper   vc_box_border_grey\"><img loading=\"lazy\" decoding=\"async\" width=\"1438\" height=\"188\" src=\"https:\/\/cape.ftpporto.com\/wp-content\/uploads\/2025\/02\/Barra-Financiamento-1.png\" class=\"vc_single_image-img attachment-full\" alt=\"\" title=\"Barra Financiamento\" srcset=\"https:\/\/cape.ftpporto.com\/wp-content\/uploads\/2025\/02\/Barra-Financiamento-1.png 1438w, https:\/\/cape.ftpporto.com\/wp-content\/uploads\/2025\/02\/Barra-Financiamento-1-300x39.png 300w, https:\/\/cape.ftpporto.com\/wp-content\/uploads\/2025\/02\/Barra-Financiamento-1-1024x134.png 1024w, https:\/\/cape.ftpporto.com\/wp-content\/uploads\/2025\/02\/Barra-Financiamento-1-768x100.png 768w\" sizes=\"auto, (max-width: 1438px) 100vw, 1438px\" \/><\/div>\n\t\t<\/figure>\n\t<\/div>\n<\/div><\/div><\/div><\/div>\n<\/div>","protected":false},"excerpt":{"rendered":"Entre em contacto com a nossa equipa atrav\u00e9s deste acess\u00edvel formul\u00e1rio de contacto. Daremos feedback assim que poss\u00edvel! Please enable JavaScript in your browser to complete this form.Please enable JavaScript ...","protected":false},"author":1,"featured_media":0,"parent":0,"menu_order":0,"comment_status":"closed","ping_status":"open","template":"","meta":{"footnotes":""},"class_list":["post-52","page","type-page","status-publish","hentry"],"_links":{"self":[{"href":"https:\/\/cape.ftpporto.com\/index.php\/wp-json\/wp\/v2\/pages\/52","targetHints":{"allow":["GET"]}}],"collection":[{"href":"https:\/\/cape.ftpporto.com\/index.php\/wp-json\/wp\/v2\/pages"}],"about":[{"href":"https:\/\/cape.ftpporto.com\/index.php\/wp-json\/wp\/v2\/types\/page"}],"author":[{"embeddable":true,"href":"https:\/\/cape.ftpporto.com\/index.php\/wp-json\/wp\/v2\/users\/1"}],"replies":[{"embeddable":true,"href":"https:\/\/cape.ftpporto.com\/index.php\/wp-json\/wp\/v2\/comments?post=52"}],"version-history":[{"count":5,"href":"https:\/\/cape.ftpporto.com\/index.php\/wp-json\/wp\/v2\/pages\/52\/revisions"}],"predecessor-version":[{"id":125,"href":"https:\/\/cape.ftpporto.com\/index.php\/wp-json\/wp\/v2\/pages\/52\/revisions\/125"}],"wp:attachment":[{"href":"https:\/\/cape.ftpporto.com\/index.php\/wp-json\/wp\/v2\/media?parent=52"}],"curies":[{"name":"wp","href":"https:\/\/api.w.org\/{rel}","templated":true}]}}